{"id":83,"date":"2024-06-01T10:13:40","date_gmt":"2024-06-01T10:13:40","guid":{"rendered":"https:\/\/asreal.com\/?page_id=83"},"modified":"2024-12-19T14:41:40","modified_gmt":"2024-12-19T14:41:40","slug":"home","status":"publish","type":"page","link":"https:\/\/asreal.com\/","title":{"rendered":"Home"},"content":{"rendered":"\t\t<div data-elementor-type=\"wp-page\" data-elementor-id=\"83\" class=\"elementor elementor-83\">\n\t\t\t\t\t\t<section class=\"elementor-section elementor-top-section elementor-element elementor-element-3d444285 elementor-section-boxed elementor-section-height-default elementor-section-height-default wpr-particle-no wpr-sticky-section-no\" data-id=\"3d444285\" data-element_type=\"section\">\n\t\t\t\t\t\t<div class=\"elementor-container elementor-column-gap-default\">\n\t\t\t\t\t<div class=\"elementor-column elementor-col-100 elementor-top-column elementor-element elementor-element-383f7335\" data-id=\"383f7335\" data-element_type=\"column\">\n\t\t\t<div class=\"elementor-widget-wrap elementor-element-populated\">\n\t\t\t\t\t\t<section class=\"elementor-section elementor-inner-section elementor-element elementor-element-20343c5a elementor-section-boxed elementor-section-height-default elementor-section-height-default wpr-particle-no wpr-sticky-section-no\" data-id=\"20343c5a\" data-element_type=\"section\">\n\t\t\t\t\t\t<div class=\"elementor-container elementor-column-gap-no\">\n\t\t\t\t\t<div class=\"elementor-column elementor-col-100 elementor-inner-column elementor-element elementor-element-1f2d8715\" data-id=\"1f2d8715\" data-element_type=\"column\">\n\t\t\t<div class=\"elementor-widget-wrap elementor-element-populated\">\n\t\t\t\t\t\t<div class=\"elementor-element elementor-element-39cd8fd elementor-widget__width-initial elementor-widget elementor-widget-testimonial\" data-id=\"39cd8fd\" data-element_type=\"widget\" data-widget_type=\"testimonial.default\">\n\t\t\t\t<div class=\"elementor-widget-container\">\n\t\t\t\t\t<div class=\"elementor-testimonial-wrapper\">\n\t\t\t\t\t\t\t<div class=\"elementor-testimonial-content\">\"Die ASreal REAM GmbH bietet inl\u00e4ndischen und ausl\u00e4ndischen institutionellen und privaten Investoren operatives Asset Management mit dem Schwerpunkt auf Gewerbeimmobilien aus den Bereichen B\u00fcro, Handel und Logistik. Der Mieter und seine Zufriedenheit stehen dabei im Mittelpunkt des unternehmerischen Handelns. Ziel ist es, durch kontinuierliche Ertragssicherung, Werterhaltung und Wertsteigerung eine Maximierung der Objektrendite zu generieren.\"<\/div>\n\t\t\t\n\t\t\t\t\t<\/div>\n\t\t\t\t<\/div>\n\t\t\t\t<\/div>\n\t\t\t\t\t<\/div>\n\t\t<\/div>\n\t\t\t\t\t<\/div>\n\t\t<\/section>\n\t\t\t\t\t<\/div>\n\t\t<\/div>\n\t\t\t\t\t<\/div>\n\t\t<\/section>\n\t\t\t\t<section class=\"elementor-section elementor-top-section elementor-element elementor-element-17325a51 elementor-section-full_width elementor-section-height-default elementor-section-height-default wpr-particle-no wpr-sticky-section-no\" data-id=\"17325a51\" data-element_type=\"section\" data-settings=\"{&quot;background_background&quot;:&quot;classic&quot;}\">\n\t\t\t\t\t\t<div class=\"elementor-container elementor-column-gap-default\">\n\t\t\t\t\t<div class=\"elementor-column elementor-col-100 elementor-top-column elementor-element elementor-element-33f2460e\" data-id=\"33f2460e\" data-element_type=\"column\">\n\t\t\t<div class=\"elementor-widget-wrap elementor-element-populated\">\n\t\t\t\t\t\t<div class=\"elementor-element elementor-element-6f1312a wpr-main-menu-align-center wpr-main-menu-align--mobilecenter wpr-mobile-menu-custom-width wpr-mobile-menu-drdown-align-right wpr-main-menu-align--tabletcenter wpr-pointer-underline wpr-pointer-line-fx wpr-pointer-fx-fade wpr-sub-icon-caret-down wpr-sub-menu-fx-fade wpr-nav-menu-bp-mobile wpr-mobile-menu-item-align-center wpr-mobile-toggle-v1 wpr-sub-divider-yes elementor-widget elementor-widget-wpr-nav-menu\" data-id=\"6f1312a\" data-element_type=\"widget\" data-settings=\"{&quot;menu_layout&quot;:&quot;horizontal&quot;}\" data-widget_type=\"wpr-nav-menu.default\">\n\t\t\t\t<div class=\"elementor-widget-container\">\n\t\t\t<nav class=\"wpr-nav-menu-container wpr-nav-menu-horizontal\" data-trigger=\"hover\"><ul id=\"menu-1-6f1312a\" class=\"wpr-nav-menu\"><li class=\"menu-item menu-item-type-post_type menu-item-object-page menu-item-554\"><a href=\"https:\/\/asreal.com\/?page_id=524\" class=\"wpr-menu-item wpr-pointer-item\">Impressum<\/a><\/li>\n<li class=\"menu-item menu-item-type-post_type menu-item-object-page menu-item-551\"><a href=\"https:\/\/asreal.com\/?page_id=530\" class=\"wpr-menu-item wpr-pointer-item\">AGB<\/a><\/li>\n<li class=\"menu-item menu-item-type-post_type menu-item-object-page menu-item-privacy-policy menu-item-553\"><a rel=\"privacy-policy\" href=\"https:\/\/asreal.com\/?page_id=536\" class=\"wpr-menu-item wpr-pointer-item\">Datenschutzerkl\u00e4rung<\/a><\/li>\n<li class=\"menu-item menu-item-type-post_type menu-item-object-page menu-item-552\"><a href=\"https:\/\/asreal.com\/?page_id=546\" class=\"wpr-menu-item wpr-pointer-item\">Anti-Geldw\u00e4sche<\/a><\/li>\n<li class=\"menu-item menu-item-type-post_type menu-item-object-page menu-item-555\"><a href=\"https:\/\/asreal.com\/?page_id=541\" class=\"wpr-menu-item wpr-pointer-item\">Widerrufsrecht<\/a><\/li>\n<\/ul><\/nav><nav class=\"wpr-mobile-nav-menu-container\"><div class=\"wpr-mobile-toggle-wrap\"><div class=\"wpr-mobile-toggle\"><span class=\"wpr-mobile-toggle-line\"><\/span><span class=\"wpr-mobile-toggle-line\"><\/span><span class=\"wpr-mobile-toggle-line\"><\/span><\/div><\/div><ul id=\"mobile-menu-2-6f1312a\" class=\"wpr-mobile-nav-menu\"><li class=\"menu-item menu-item-type-post_type menu-item-object-page menu-item-554\"><a href=\"https:\/\/asreal.com\/?page_id=524\" class=\"wpr-mobile-menu-item\">Impressum<\/a><\/li>\n<li class=\"menu-item menu-item-type-post_type menu-item-object-page menu-item-551\"><a href=\"https:\/\/asreal.com\/?page_id=530\" class=\"wpr-mobile-menu-item\">AGB<\/a><\/li>\n<li class=\"menu-item menu-item-type-post_type menu-item-object-page menu-item-privacy-policy menu-item-553\"><a rel=\"privacy-policy\" href=\"https:\/\/asreal.com\/?page_id=536\" class=\"wpr-mobile-menu-item\">Datenschutzerkl\u00e4rung<\/a><\/li>\n<li class=\"menu-item menu-item-type-post_type menu-item-object-page menu-item-552\"><a href=\"https:\/\/asreal.com\/?page_id=546\" class=\"wpr-mobile-menu-item\">Anti-Geldw\u00e4sche<\/a><\/li>\n<li class=\"menu-item menu-item-type-post_type menu-item-object-page menu-item-555\"><a href=\"https:\/\/asreal.com\/?page_id=541\" class=\"wpr-mobile-menu-item\">Widerrufsrecht<\/a><\/li>\n<\/ul><\/nav>\t\t<\/div>\n\t\t\t\t<\/div>\n\t\t\t\t<div class=\"elementor-element elementor-element-515c587d elementor-widget elementor-widget-text-editor\" data-id=\"515c587d\" data-element_type=\"widget\" data-widget_type=\"text-editor.default\">\n\t\t\t\t<div class=\"elementor-widget-container\">\n\t\t\t\t\t\t\t<p>COPYRIGHT \u00a9 2024 ASREAL REAM GMBH<\/p>\t\t\t\t\t\t<\/div>\n\t\t\t\t<\/div>\n\t\t\t\t\t<\/div>\n\t\t<\/div>\n\t\t\t\t\t<\/div>\n\t\t<\/section>\n\t\t\t\t<\/div>\n\t\t","protected":false},"excerpt":{"rendered":"<p>&#8222;Die ASreal REAM GmbH bietet inl\u00e4ndischen und ausl\u00e4ndischen institutionellen und privaten Investoren operatives Asset Management mit dem Schwerpunkt auf Gewerbeimmobilien aus den Bereichen B\u00fcro, Handel und Logistik. Der Mieter und seine Zufriedenheit stehen dabei im Mittelpunkt des unternehmerischen Handelns. Ziel ist es, durch kontinuierliche Ertragssicherung, Werterhaltung und Wertsteigerung eine Maximierung der Objektrendite zu generieren.&#8220; Impressum AGB Datenschutzerkl\u00e4rung Anti-Geldw\u00e4sche Widerrufsrecht Impressum AGB Datenschutzerkl\u00e4rung Anti-Geldw\u00e4sche Widerrufsrecht COPYRIGHT \u00a9 2024 ASREAL REAM GMBH<\/p>\n","protected":false},"author":1,"featured_media":0,"parent":0,"menu_order":0,"comment_status":"closed","ping_status":"closed","template":"elementor_header_footer","meta":{"footnotes":""},"class_list":["post-83","page","type-page","status-publish","hentry"],"yoast_head":"<!-- This site is optimized with the Yoast SEO plugin v23.6 - https:\/\/yoast.com\/wordpress\/plugins\/seo\/ -->\n<title>Home - ASreal<\/title>\n<meta name=\"robots\" content=\"index, follow, max-snippet:-1, max-image-preview:large, max-video-preview:-1\" \/>\n<link rel=\"canonical\" href=\"https:\/\/asreal.com\/\" \/>\n<meta property=\"og:locale\" content=\"de_DE\" \/>\n<meta property=\"og:type\" content=\"article\" \/>\n<meta property=\"og:title\" content=\"Home - ASreal\" \/>\n<meta property=\"og:description\" content=\"&#8222;Die ASreal REAM GmbH bietet inl\u00e4ndischen und ausl\u00e4ndischen institutionellen und privaten Investoren operatives Asset Management mit dem Schwerpunkt auf Gewerbeimmobilien aus den Bereichen B\u00fcro, Handel und Logistik. Der Mieter und seine Zufriedenheit stehen dabei im Mittelpunkt des unternehmerischen Handelns. Ziel ist es, durch kontinuierliche Ertragssicherung, Werterhaltung und Wertsteigerung eine Maximierung der Objektrendite zu generieren.&#8220; Impressum AGB Datenschutzerkl\u00e4rung Anti-Geldw\u00e4sche Widerrufsrecht Impressum AGB Datenschutzerkl\u00e4rung Anti-Geldw\u00e4sche Widerrufsrecht COPYRIGHT \u00a9 2024 ASREAL REAM GMBH\" \/>\n<meta property=\"og:url\" content=\"https:\/\/asreal.com\/\" \/>\n<meta property=\"og:site_name\" content=\"ASreal\" \/>\n<meta property=\"article:modified_time\" content=\"2024-12-19T14:41:40+00:00\" \/>\n<meta name=\"twitter:card\" content=\"summary_large_image\" \/>\n<meta name=\"twitter:label1\" content=\"Gesch\u00e4tzte Lesezeit\" \/>\n\t<meta name=\"twitter:data1\" content=\"1\u00a0Minute\" \/>\n<script type=\"application\/ld+json\" class=\"yoast-schema-graph\">{\"@context\":\"https:\/\/schema.org\",\"@graph\":[{\"@type\":\"WebPage\",\"@id\":\"https:\/\/asreal.com\/\",\"url\":\"https:\/\/asreal.com\/\",\"name\":\"Home - ASreal\",\"isPartOf\":{\"@id\":\"https:\/\/asreal.com\/#website\"},\"datePublished\":\"2024-06-01T10:13:40+00:00\",\"dateModified\":\"2024-12-19T14:41:40+00:00\",\"breadcrumb\":{\"@id\":\"https:\/\/asreal.com\/#breadcrumb\"},\"inLanguage\":\"de\",\"potentialAction\":[{\"@type\":\"ReadAction\",\"target\":[\"https:\/\/asreal.com\/\"]}]},{\"@type\":\"BreadcrumbList\",\"@id\":\"https:\/\/asreal.com\/#breadcrumb\",\"itemListElement\":[{\"@type\":\"ListItem\",\"position\":1,\"name\":\"Portada\",\"item\":\"https:\/\/asreal.com\/\"},{\"@type\":\"ListItem\",\"position\":2,\"name\":\"Home\"}]},{\"@type\":\"WebSite\",\"@id\":\"https:\/\/asreal.com\/#website\",\"url\":\"https:\/\/asreal.com\/\",\"name\":\"ASreal\",\"description\":\"Ihr professioneller Partner f\u00fcr nachhaltiges Mieter- und Vermietungsmanagement\",\"publisher\":{\"@id\":\"https:\/\/asreal.com\/#organization\"},\"potentialAction\":[{\"@type\":\"SearchAction\",\"target\":{\"@type\":\"EntryPoint\",\"urlTemplate\":\"https:\/\/asreal.com\/?s={search_term_string}\"},\"query-input\":{\"@type\":\"PropertyValueSpecification\",\"valueRequired\":true,\"valueName\":\"search_term_string\"}}],\"inLanguage\":\"de\"},{\"@type\":\"Organization\",\"@id\":\"https:\/\/asreal.com\/#organization\",\"name\":\"ASreal\",\"url\":\"https:\/\/asreal.com\/\",\"logo\":{\"@type\":\"ImageObject\",\"inLanguage\":\"de\",\"@id\":\"https:\/\/asreal.com\/#\/schema\/logo\/image\/\",\"url\":\"https:\/\/asreal.com\/wp-content\/uploads\/2024\/07\/ASr_MieterUZwei\u251c\u0192_web_neg_600.png\",\"contentUrl\":\"https:\/\/asreal.com\/wp-content\/uploads\/2024\/07\/ASr_MieterUZwei\u251c\u0192_web_neg_600.png\",\"width\":1890,\"height\":662,\"caption\":\"ASreal\"},\"image\":{\"@id\":\"https:\/\/asreal.com\/#\/schema\/logo\/image\/\"}}]}<\/script>\n<!-- \/ Yoast SEO plugin. -->","yoast_head_json":{"title":"Home - ASreal","robots":{"index":"index","follow":"follow","max-snippet":"max-snippet:-1","max-image-preview":"max-image-preview:large","max-video-preview":"max-video-preview:-1"},"canonical":"https:\/\/asreal.com\/","og_locale":"de_DE","og_type":"article","og_title":"Home - ASreal","og_description":"&#8222;Die ASreal REAM GmbH bietet inl\u00e4ndischen und ausl\u00e4ndischen institutionellen und privaten Investoren operatives Asset Management mit dem Schwerpunkt auf Gewerbeimmobilien aus den Bereichen B\u00fcro, Handel und Logistik. Der Mieter und seine Zufriedenheit stehen dabei im Mittelpunkt des unternehmerischen Handelns. Ziel ist es, durch kontinuierliche Ertragssicherung, Werterhaltung und Wertsteigerung eine Maximierung der Objektrendite zu generieren.&#8220; Impressum AGB Datenschutzerkl\u00e4rung Anti-Geldw\u00e4sche Widerrufsrecht Impressum AGB Datenschutzerkl\u00e4rung Anti-Geldw\u00e4sche Widerrufsrecht COPYRIGHT \u00a9 2024 ASREAL REAM GMBH","og_url":"https:\/\/asreal.com\/","og_site_name":"ASreal","article_modified_time":"2024-12-19T14:41:40+00:00","twitter_card":"summary_large_image","twitter_misc":{"Gesch\u00e4tzte Lesezeit":"1\u00a0Minute"},"schema":{"@context":"https:\/\/schema.org","@graph":[{"@type":"WebPage","@id":"https:\/\/asreal.com\/","url":"https:\/\/asreal.com\/","name":"Home - ASreal","isPartOf":{"@id":"https:\/\/asreal.com\/#website"},"datePublished":"2024-06-01T10:13:40+00:00","dateModified":"2024-12-19T14:41:40+00:00","breadcrumb":{"@id":"https:\/\/asreal.com\/#breadcrumb"},"inLanguage":"de","potentialAction":[{"@type":"ReadAction","target":["https:\/\/asreal.com\/"]}]},{"@type":"BreadcrumbList","@id":"https:\/\/asreal.com\/#breadcrumb","itemListElement":[{"@type":"ListItem","position":1,"name":"Portada","item":"https:\/\/asreal.com\/"},{"@type":"ListItem","position":2,"name":"Home"}]},{"@type":"WebSite","@id":"https:\/\/asreal.com\/#website","url":"https:\/\/asreal.com\/","name":"ASreal","description":"Ihr professioneller Partner f\u00fcr nachhaltiges Mieter- und Vermietungsmanagement","publisher":{"@id":"https:\/\/asreal.com\/#organization"},"potentialAction":[{"@type":"SearchAction","target":{"@type":"EntryPoint","urlTemplate":"https:\/\/asreal.com\/?s={search_term_string}"},"query-input":{"@type":"PropertyValueSpecification","valueRequired":true,"valueName":"search_term_string"}}],"inLanguage":"de"},{"@type":"Organization","@id":"https:\/\/asreal.com\/#organization","name":"ASreal","url":"https:\/\/asreal.com\/","logo":{"@type":"ImageObject","inLanguage":"de","@id":"https:\/\/asreal.com\/#\/schema\/logo\/image\/","url":"https:\/\/asreal.com\/wp-content\/uploads\/2024\/07\/ASr_MieterUZwei\u251c\u0192_web_neg_600.png","contentUrl":"https:\/\/asreal.com\/wp-content\/uploads\/2024\/07\/ASr_MieterUZwei\u251c\u0192_web_neg_600.png","width":1890,"height":662,"caption":"ASreal"},"image":{"@id":"https:\/\/asreal.com\/#\/schema\/logo\/image\/"}}]}},"rttpg_featured_image_url":null,"rttpg_author":{"display_name":"admin","author_link":"https:\/\/asreal.com\/?author=1"},"rttpg_comment":0,"rttpg_category":null,"rttpg_excerpt":"&#8222;Die ASreal REAM GmbH bietet inl\u00e4ndischen und ausl\u00e4ndischen institutionellen und privaten Investoren operatives Asset Management mit dem Schwerpunkt auf Gewerbeimmobilien aus den Bereichen B\u00fcro, Handel und Logistik. Der Mieter und seine Zufriedenheit stehen dabei im Mittelpunkt des unternehmerischen Handelns. Ziel ist es, durch kontinuierliche Ertragssicherung, Werterhaltung und Wertsteigerung eine Maximierung der Objektrendite zu generieren.&#8220; Impressum&hellip;","_links":{"self":[{"href":"https:\/\/asreal.com\/index.php?rest_route=\/wp\/v2\/pages\/83","targetHints":{"allow":["GET"]}}],"collection":[{"href":"https:\/\/asreal.com\/index.php?rest_route=\/wp\/v2\/pages"}],"about":[{"href":"https:\/\/asreal.com\/index.php?rest_route=\/wp\/v2\/types\/page"}],"author":[{"embeddable":true,"href":"https:\/\/asreal.com\/index.php?rest_route=\/wp\/v2\/users\/1"}],"replies":[{"embeddable":true,"href":"https:\/\/asreal.com\/index.php?rest_route=%2Fwp%2Fv2%2Fcomments&post=83"}],"version-history":[{"count":602,"href":"https:\/\/asreal.com\/index.php?rest_route=\/wp\/v2\/pages\/83\/revisions"}],"predecessor-version":[{"id":2295,"href":"https:\/\/asreal.com\/index.php?rest_route=\/wp\/v2\/pages\/83\/revisions\/2295"}],"wp:attachment":[{"href":"https:\/\/asreal.com\/index.php?rest_route=%2Fwp%2Fv2%2Fmedia&parent=83"}],"curies":[{"name":"wp","href":"https:\/\/api.w.org\/{rel}","templated":true}]}}