{"id":524,"date":"2024-06-03T09:54:03","date_gmt":"2024-06-03T09:54:03","guid":{"rendered":"https:\/\/asreal.com\/?page_id=524"},"modified":"2024-06-16T14:22:15","modified_gmt":"2024-06-16T14:22:15","slug":"impressum","status":"publish","type":"page","link":"https:\/\/asreal.com\/?page_id=524","title":{"rendered":"Impressum"},"content":{"rendered":"\t\t<div data-elementor-type=\"wp-page\" data-elementor-id=\"524\" class=\"elementor elementor-524\">\n\t\t\t\t<div class=\"elementor-element elementor-element-66cb96f e-con-full e-flex wpr-particle-no wpr-sticky-section-no e-con e-parent\" data-id=\"66cb96f\" data-element_type=\"container\">\n\t\t<div class=\"elementor-element elementor-element-779d949 e-con-full e-flex wpr-particle-no wpr-sticky-section-no e-con e-child\" data-id=\"779d949\" data-element_type=\"container\">\n\t\t\t\t<div class=\"elementor-element elementor-element-a193feb elementor-widget__width-initial elementor-widget elementor-widget-text-editor\" data-id=\"a193feb\" data-element_type=\"widget\" data-widget_type=\"text-editor.default\">\n\t\t\t\t<div class=\"elementor-widget-container\">\n\t\t\t\t\t\t\t<p><strong>ASreal REAM GmbH<\/strong><\/p><p>Poststra\u00dfe 33<\/p><p>D-20354 Hamburg<\/p><p>\u00a0<\/p><p>T+49 40 2000767-0<\/p><p>F+49 40 2000767-69<\/p><p>\u00a0<\/p><p><strong>Adam Schaefer<\/strong><\/p><p>Gesch\u00e4ftsf\u00fchrer<\/p><p>\u00a0<\/p><p><strong>Handelsregister\/Gerichtsstand<\/strong><\/p><p>Amtsgericht Hamburg<\/p><p>Handelsregister-Nr. HRB 122888<\/p><p>Sitz der Gesellschaft Hamburg<\/p><p>\u00a0<\/p><p>Umsatzsteuer-IdNr.<\/p><p>DE 283262822<\/p>\t\t\t\t\t\t<\/div>\n\t\t\t\t<\/div>\n\t\t\t\t<\/div>\n\t\t<div class=\"elementor-element elementor-element-220572b e-con-full e-flex wpr-particle-no wpr-sticky-section-no e-con e-child\" data-id=\"220572b\" data-element_type=\"container\">\n\t\t\t\t<div class=\"elementor-element elementor-element-8508af5 elementor-widget elementor-widget-text-editor\" data-id=\"8508af5\" data-element_type=\"widget\" data-widget_type=\"text-editor.default\">\n\t\t\t\t<div class=\"elementor-widget-container\">\n\t\t\t\t\t\t\t<p><strong>Haftungsausschluss<\/strong><\/p><p>Informationen auf unserer Website dienen dem Zweck, das Unternehmen ASreal REAM GmbH sowie seine Dienstleistungen zu pr\u00e4sentieren. Die ASreal REAM GmbH beh\u00e4lt sich ausdr\u00fccklich vor, die bereitgestellten Informationen jederzeit ganz oder teilweise zu \u00e4ndern. Die Inhalte unserer Seiten wurden mit gr\u00f6\u00dfter Sorgfalt und nach bestem Gewissen erstellt. Eine Haftung oder Garantie f\u00fcr die Aktualit\u00e4t, Richtigkeit und Vollst\u00e4ndigkeit der zur Verf\u00fcgung gestellten Informationen kann jedoch nicht \u00fcbernommen werden. Die Website der ASreal REAM GmbH kann ohne unser Wissen von einer anderen Website mittels Hyperlinks angelinkt worden sein. Die ASreal REAM GmbH \u00fcbernimmt keine Verantwortung f\u00fcr Inhalt, Darstellung oder irgendeine Verbindung zur ASreal REAM GmbH in Websites Dritter.<\/p><p><strong>Urheberrecht<\/strong><\/p><p>Die auf unserer Website ver\u00f6ffentlichten Inhalte und Werke unterliegen dem deutschen Urheberrecht. Jede Vervielf\u00e4ltigung, Verbreitung und jede Art der Verwertung, insbesondere der Verwendung von Texten, Textteilen oder Bildmaterialien, au\u00dferhalb der Grenzen des Urheberrechtes bed\u00fcrfen der vorherigen schriftlichen Zustimmung der ASreal REAM GmbH.<\/p><p><strong>Bildrechte<\/strong><\/p><p>fotolia: \u00a9 Borg Enders, \u00a9 cpauschert, \u00a9 J\u00f6rg Engel, \u00a9 Eisenhan<\/p>\t\t\t\t\t\t<\/div>\n\t\t\t\t<\/div>\n\t\t\t\t<\/div>\n\t\t\t\t<\/div>\n\t\t\t\t<section class=\"elementor-section elementor-top-section elementor-element elementor-element-3ed9f24d elementor-section-full_width elementor-section-height-default elementor-section-height-default wpr-particle-no wpr-sticky-section-no\" data-id=\"3ed9f24d\" data-element_type=\"section\" data-settings=\"{&quot;background_background&quot;:&quot;classic&quot;}\">\n\t\t\t\t\t\t<div class=\"elementor-container elementor-column-gap-default\">\n\t\t\t\t\t<div class=\"elementor-column elementor-col-100 elementor-top-column elementor-element elementor-element-7aa6a680\" data-id=\"7aa6a680\" data-element_type=\"column\">\n\t\t\t<div class=\"elementor-widget-wrap elementor-element-populated\">\n\t\t\t\t\t\t<div class=\"elementor-element elementor-element-a119b9d elementor-shape-rounded elementor-grid-0 e-grid-align-center elementor-widget elementor-widget-social-icons\" data-id=\"a119b9d\" data-element_type=\"widget\" data-widget_type=\"social-icons.default\">\n\t\t\t\t<div class=\"elementor-widget-container\">\n\t\t\t\t\t<div class=\"elementor-social-icons-wrapper elementor-grid\">\n\t\t\t\t\t\t\t<span class=\"elementor-grid-item\">\n\t\t\t\t\t<a class=\"elementor-icon elementor-social-icon elementor-social-icon-facebook-f elementor-repeater-item-2f307f6\" target=\"_blank\">\n\t\t\t\t\t\t<span class=\"elementor-screen-only\">Facebook-f<\/span>\n\t\t\t\t\t\t<svg class=\"e-font-icon-svg e-fab-facebook-f\" viewBox=\"0 0 320 512\" xmlns=\"http:\/\/www.w3.org\/2000\/svg\"><path d=\"M279.14 288l14.22-92.66h-88.91v-60.13c0-25.35 12.42-50.06 52.24-50.06h40.42V6.26S260.43 0 225.36 0c-73.22 0-121.08 44.38-121.08 124.72v70.62H22.89V288h81.39v224h100.17V288z\"><\/path><\/svg>\t\t\t\t\t<\/a>\n\t\t\t\t<\/span>\n\t\t\t\t\t\t\t<span class=\"elementor-grid-item\">\n\t\t\t\t\t<a class=\"elementor-icon elementor-social-icon elementor-social-icon-twitter elementor-repeater-item-e9756c8\" target=\"_blank\">\n\t\t\t\t\t\t<span class=\"elementor-screen-only\">Twitter<\/span>\n\t\t\t\t\t\t<svg class=\"e-font-icon-svg e-fab-twitter\" viewBox=\"0 0 512 512\" xmlns=\"http:\/\/www.w3.org\/2000\/svg\"><path d=\"M459.37 151.716c.325 4.548.325 9.097.325 13.645 0 138.72-105.583 298.558-298.558 298.558-59.452 0-114.68-17.219-161.137-47.106 8.447.974 16.568 1.299 25.34 1.299 49.055 0 94.213-16.568 130.274-44.832-46.132-.975-84.792-31.188-98.112-72.772 6.498.974 12.995 1.624 19.818 1.624 9.421 0 18.843-1.3 27.614-3.573-48.081-9.747-84.143-51.98-84.143-102.985v-1.299c13.969 7.797 30.214 12.67 47.431 13.319-28.264-18.843-46.781-51.005-46.781-87.391 0-19.492 5.197-37.36 14.294-52.954 51.655 63.675 129.3 105.258 216.365 109.807-1.624-7.797-2.599-15.918-2.599-24.04 0-57.828 46.782-104.934 104.934-104.934 30.213 0 57.502 12.67 76.67 33.137 23.715-4.548 46.456-13.32 66.599-25.34-7.798 24.366-24.366 44.833-46.132 57.827 21.117-2.273 41.584-8.122 60.426-16.243-14.292 20.791-32.161 39.308-52.628 54.253z\"><\/path><\/svg>\t\t\t\t\t<\/a>\n\t\t\t\t<\/span>\n\t\t\t\t\t\t\t<span class=\"elementor-grid-item\">\n\t\t\t\t\t<a class=\"elementor-icon elementor-social-icon elementor-social-icon-tumblr elementor-repeater-item-0f1a123\" target=\"_blank\">\n\t\t\t\t\t\t<span class=\"elementor-screen-only\">Tumblr<\/span>\n\t\t\t\t\t\t<svg class=\"e-font-icon-svg e-fab-tumblr\" viewBox=\"0 0 320 512\" xmlns=\"http:\/\/www.w3.org\/2000\/svg\"><path d=\"M309.8 480.3c-13.6 14.5-50 31.7-97.4 31.7-120.8 0-147-88.8-147-140.6v-144H17.9c-5.5 0-10-4.5-10-10v-68c0-7.2 4.5-13.6 11.3-16 62-21.8 81.5-76 84.3-117.1.8-11 6.5-16.3 16.1-16.3h70.9c5.5 0 10 4.5 10 10v115.2h83c5.5 0 10 4.4 10 9.9v81.7c0 5.5-4.5 10-10 10h-83.4V360c0 34.2 23.7 53.6 68 35.8 4.8-1.9 9-3.2 12.7-2.2 3.5.9 5.8 3.4 7.4 7.9l22 64.3c1.8 5 3.3 10.6-.4 14.5z\"><\/path><\/svg>\t\t\t\t\t<\/a>\n\t\t\t\t<\/span>\n\t\t\t\t\t\t\t<span class=\"elementor-grid-item\">\n\t\t\t\t\t<a class=\"elementor-icon elementor-social-icon elementor-social-icon-instagram elementor-repeater-item-b2c3f2e\" target=\"_blank\">\n\t\t\t\t\t\t<span class=\"elementor-screen-only\">Instagram<\/span>\n\t\t\t\t\t\t<svg class=\"e-font-icon-svg e-fab-instagram\" viewBox=\"0 0 448 512\" xmlns=\"http:\/\/www.w3.org\/2000\/svg\"><path d=\"M224.1 141c-63.6 0-114.9 51.3-114.9 114.9s51.3 114.9 114.9 114.9S339 319.5 339 255.9 287.7 141 224.1 141zm0 189.6c-41.1 0-74.7-33.5-74.7-74.7s33.5-74.7 74.7-74.7 74.7 33.5 74.7 74.7-33.6 74.7-74.7 74.7zm146.4-194.3c0 14.9-12 26.8-26.8 26.8-14.9 0-26.8-12-26.8-26.8s12-26.8 26.8-26.8 26.8 12 26.8 26.8zm76.1 27.2c-1.7-35.9-9.9-67.7-36.2-93.9-26.2-26.2-58-34.4-93.9-36.2-37-2.1-147.9-2.1-184.9 0-35.8 1.7-67.6 9.9-93.9 36.1s-34.4 58-36.2 93.9c-2.1 37-2.1 147.9 0 184.9 1.7 35.9 9.9 67.7 36.2 93.9s58 34.4 93.9 36.2c37 2.1 147.9 2.1 184.9 0 35.9-1.7 67.7-9.9 93.9-36.2 26.2-26.2 34.4-58 36.2-93.9 2.1-37 2.1-147.8 0-184.8zM398.8 388c-7.8 19.6-22.9 34.7-42.6 42.6-29.5 11.7-99.5 9-132.1 9s-102.7 2.6-132.1-9c-19.6-7.8-34.7-22.9-42.6-42.6-11.7-29.5-9-99.5-9-132.1s-2.6-102.7 9-132.1c7.8-19.6 22.9-34.7 42.6-42.6 29.5-11.7 99.5-9 132.1-9s102.7-2.6 132.1 9c19.6 7.8 34.7 22.9 42.6 42.6 11.7 29.5 9 99.5 9 132.1s2.7 102.7-9 132.1z\"><\/path><\/svg>\t\t\t\t\t<\/a>\n\t\t\t\t<\/span>\n\t\t\t\t\t<\/div>\n\t\t\t\t<\/div>\n\t\t\t\t<\/div>\n\t\t\t\t<div class=\"elementor-element elementor-element-7827b90c wpr-main-menu-align-center wpr-main-menu-align--mobilecenter wpr-mobile-menu-custom-width wpr-mobile-menu-drdown-align-right wpr-main-menu-align--tabletcenter wpr-pointer-underline wpr-pointer-line-fx wpr-pointer-fx-fade wpr-sub-icon-caret-down wpr-sub-menu-fx-fade wpr-nav-menu-bp-mobile wpr-mobile-menu-item-align-center wpr-mobile-toggle-v1 wpr-sub-divider-yes elementor-widget elementor-widget-wpr-nav-menu\" data-id=\"7827b90c\" data-element_type=\"widget\" data-settings=\"{&quot;menu_layout&quot;:&quot;horizontal&quot;}\" data-widget_type=\"wpr-nav-menu.default\">\n\t\t\t\t<div class=\"elementor-widget-container\">\n\t\t\t<nav class=\"wpr-nav-menu-container wpr-nav-menu-horizontal\" data-trigger=\"hover\"><ul id=\"menu-1-7827b90c\" class=\"wpr-nav-menu\"><li class=\"menu-item menu-item-type-post_type menu-item-object-page menu-item-554\"><a href=\"https:\/\/asreal.com\/?page_id=524\" class=\"wpr-menu-item wpr-pointer-item\">Impressum<\/a><\/li>\n<li class=\"menu-item menu-item-type-post_type menu-item-object-page menu-item-551\"><a href=\"https:\/\/asreal.com\/?page_id=530\" class=\"wpr-menu-item wpr-pointer-item\">AGB<\/a><\/li>\n<li class=\"menu-item menu-item-type-post_type menu-item-object-page menu-item-privacy-policy menu-item-553\"><a rel=\"privacy-policy\" href=\"https:\/\/asreal.com\/?page_id=536\" class=\"wpr-menu-item wpr-pointer-item\">Datenschutzerkl\u00e4rung<\/a><\/li>\n<li class=\"menu-item menu-item-type-post_type menu-item-object-page menu-item-552\"><a href=\"https:\/\/asreal.com\/?page_id=546\" class=\"wpr-menu-item wpr-pointer-item\">Anti-Geldw\u00e4sche<\/a><\/li>\n<li class=\"menu-item menu-item-type-post_type menu-item-object-page menu-item-555\"><a href=\"https:\/\/asreal.com\/?page_id=541\" class=\"wpr-menu-item wpr-pointer-item\">Widerrufsrecht<\/a><\/li>\n<\/ul><\/nav><nav class=\"wpr-mobile-nav-menu-container\"><div class=\"wpr-mobile-toggle-wrap\"><div class=\"wpr-mobile-toggle\"><span class=\"wpr-mobile-toggle-line\"><\/span><span class=\"wpr-mobile-toggle-line\"><\/span><span class=\"wpr-mobile-toggle-line\"><\/span><\/div><\/div><ul id=\"mobile-menu-2-7827b90c\" class=\"wpr-mobile-nav-menu\"><li class=\"menu-item menu-item-type-post_type menu-item-object-page menu-item-554\"><a href=\"https:\/\/asreal.com\/?page_id=524\" class=\"wpr-mobile-menu-item\">Impressum<\/a><\/li>\n<li class=\"menu-item menu-item-type-post_type menu-item-object-page menu-item-551\"><a href=\"https:\/\/asreal.com\/?page_id=530\" class=\"wpr-mobile-menu-item\">AGB<\/a><\/li>\n<li class=\"menu-item menu-item-type-post_type menu-item-object-page menu-item-privacy-policy menu-item-553\"><a rel=\"privacy-policy\" href=\"https:\/\/asreal.com\/?page_id=536\" class=\"wpr-mobile-menu-item\">Datenschutzerkl\u00e4rung<\/a><\/li>\n<li class=\"menu-item menu-item-type-post_type menu-item-object-page menu-item-552\"><a href=\"https:\/\/asreal.com\/?page_id=546\" class=\"wpr-mobile-menu-item\">Anti-Geldw\u00e4sche<\/a><\/li>\n<li class=\"menu-item menu-item-type-post_type menu-item-object-page menu-item-555\"><a href=\"https:\/\/asreal.com\/?page_id=541\" class=\"wpr-mobile-menu-item\">Widerrufsrecht<\/a><\/li>\n<\/ul><\/nav>\t\t<\/div>\n\t\t\t\t<\/div>\n\t\t\t\t<div class=\"elementor-element elementor-element-18fccf2 elementor-widget elementor-widget-text-editor\" data-id=\"18fccf2\" data-element_type=\"widget\" data-widget_type=\"text-editor.default\">\n\t\t\t\t<div class=\"elementor-widget-container\">\n\t\t\t\t\t\t\t<p>\u00a9 2024 Created with Germanmarket<\/p>\t\t\t\t\t\t<\/div>\n\t\t\t\t<\/div>\n\t\t\t\t\t<\/div>\n\t\t<\/div>\n\t\t\t\t\t<\/div>\n\t\t<\/section>\n\t\t\t\t<\/div>\n\t\t","protected":false},"excerpt":{"rendered":"<p>ASreal REAM GmbH Poststra\u00dfe 33 D-20354 Hamburg \u00a0 T+49 40 2000767-0 F+49 40 2000767-69 \u00a0 Adam Schaefer Gesch\u00e4ftsf\u00fchrer \u00a0 Handelsregister\/Gerichtsstand Amtsgericht Hamburg Handelsregister-Nr. HRB 122888 Sitz der Gesellschaft Hamburg \u00a0 Umsatzsteuer-IdNr. DE 283262822 Haftungsausschluss Informationen auf unserer Website dienen dem Zweck, das Unternehmen ASreal REAM GmbH sowie seine Dienstleistungen zu pr\u00e4sentieren. Die ASreal REAM GmbH beh\u00e4lt sich ausdr\u00fccklich vor, die bereitgestellten Informationen jederzeit ganz oder teilweise zu \u00e4ndern. Die Inhalte unserer Seiten wurden mit gr\u00f6\u00dfter Sorgfalt und nach bestem Gewissen erstellt. Eine Haftung oder Garantie f\u00fcr die Aktualit\u00e4t, Richtigkeit und Vollst\u00e4ndigkeit der zur Verf\u00fcgung gestellten Informationen kann jedoch nicht \u00fcbernommen werden. Die Website der ASreal REAM GmbH kann ohne unser Wissen von einer anderen Website mittels Hyperlinks angelinkt worden sein. Die ASreal REAM GmbH \u00fcbernimmt keine Verantwortung f\u00fcr Inhalt, Darstellung oder irgendeine Verbindung zur ASreal REAM GmbH in Websites Dritter. Urheberrecht Die auf unserer Website ver\u00f6ffentlichten Inhalte und Werke unterliegen dem deutschen Urheberrecht. Jede Vervielf\u00e4ltigung, Verbreitung und jede Art der Verwertung, insbesondere der Verwendung von Texten, Textteilen oder Bildmaterialien, au\u00dferhalb der Grenzen des Urheberrechtes bed\u00fcrfen der vorherigen schriftlichen Zustimmung der ASreal REAM GmbH. Bildrechte fotolia: \u00a9 Borg Enders, \u00a9 cpauschert, \u00a9 J\u00f6rg Engel, \u00a9 Eisenhan Facebook-f Twitter Tumblr Instagram Impressum AGB Datenschutzerkl\u00e4rung Anti-Geldw\u00e4sche Widerrufsrecht Impressum AGB Datenschutzerkl\u00e4rung Anti-Geldw\u00e4sche Widerrufsrecht \u00a9 2024 Created with Germanmarket<\/p>\n","protected":false},"author":1,"featured_media":0,"parent":0,"menu_order":0,"comment_status":"closed","ping_status":"closed","template":"elementor_header_footer","meta":{"footnotes":""},"class_list":["post-524","page","type-page","status-publish","hentry"],"yoast_head":"<!-- This site is optimized with the Yoast SEO plugin v23.6 - https:\/\/yoast.com\/wordpress\/plugins\/seo\/ -->\n<title>Impressum - ASreal<\/title>\n<meta name=\"robots\" content=\"index, follow, max-snippet:-1, max-image-preview:large, max-video-preview:-1\" \/>\n<link rel=\"canonical\" href=\"https:\/\/asreal.com\/?page_id=524\" \/>\n<meta property=\"og:locale\" content=\"de_DE\" \/>\n<meta property=\"og:type\" content=\"article\" \/>\n<meta property=\"og:title\" content=\"Impressum - ASreal\" \/>\n<meta property=\"og:description\" content=\"ASreal REAM GmbH Poststra\u00dfe 33 D-20354 Hamburg \u00a0 T+49 40 2000767-0 F+49 40 2000767-69 \u00a0 Adam Schaefer Gesch\u00e4ftsf\u00fchrer \u00a0 Handelsregister\/Gerichtsstand Amtsgericht Hamburg Handelsregister-Nr. HRB 122888 Sitz der Gesellschaft Hamburg \u00a0 Umsatzsteuer-IdNr. DE 283262822 Haftungsausschluss Informationen auf unserer Website dienen dem Zweck, das Unternehmen ASreal REAM GmbH sowie seine Dienstleistungen zu pr\u00e4sentieren. Die ASreal REAM GmbH beh\u00e4lt sich ausdr\u00fccklich vor, die bereitgestellten Informationen jederzeit ganz oder teilweise zu \u00e4ndern. Die Inhalte unserer Seiten wurden mit gr\u00f6\u00dfter Sorgfalt und nach bestem Gewissen erstellt. Eine Haftung oder Garantie f\u00fcr die Aktualit\u00e4t, Richtigkeit und Vollst\u00e4ndigkeit der zur Verf\u00fcgung gestellten Informationen kann jedoch nicht \u00fcbernommen werden. Die Website der ASreal REAM GmbH kann ohne unser Wissen von einer anderen Website mittels Hyperlinks angelinkt worden sein. Die ASreal REAM GmbH \u00fcbernimmt keine Verantwortung f\u00fcr Inhalt, Darstellung oder irgendeine Verbindung zur ASreal REAM GmbH in Websites Dritter. Urheberrecht Die auf unserer Website ver\u00f6ffentlichten Inhalte und Werke unterliegen dem deutschen Urheberrecht. Jede Vervielf\u00e4ltigung, Verbreitung und jede Art der Verwertung, insbesondere der Verwendung von Texten, Textteilen oder Bildmaterialien, au\u00dferhalb der Grenzen des Urheberrechtes bed\u00fcrfen der vorherigen schriftlichen Zustimmung der ASreal REAM GmbH. Bildrechte fotolia: \u00a9 Borg Enders, \u00a9 cpauschert, \u00a9 J\u00f6rg Engel, \u00a9 Eisenhan Facebook-f Twitter Tumblr Instagram Impressum AGB Datenschutzerkl\u00e4rung Anti-Geldw\u00e4sche Widerrufsrecht Impressum AGB Datenschutzerkl\u00e4rung Anti-Geldw\u00e4sche Widerrufsrecht \u00a9 2024 Created with Germanmarket\" \/>\n<meta property=\"og:url\" content=\"https:\/\/asreal.com\/?page_id=524\" \/>\n<meta property=\"og:site_name\" content=\"ASreal\" \/>\n<meta property=\"article:modified_time\" content=\"2024-06-16T14:22:15+00:00\" \/>\n<meta name=\"twitter:card\" content=\"summary_large_image\" \/>\n<meta name=\"twitter:label1\" content=\"Gesch\u00e4tzte Lesezeit\" \/>\n\t<meta name=\"twitter:data1\" content=\"1\u00a0Minute\" \/>\n<script type=\"application\/ld+json\" class=\"yoast-schema-graph\">{\"@context\":\"https:\/\/schema.org\",\"@graph\":[{\"@type\":\"WebPage\",\"@id\":\"https:\/\/asreal.com\/?page_id=524\",\"url\":\"https:\/\/asreal.com\/?page_id=524\",\"name\":\"Impressum - ASreal\",\"isPartOf\":{\"@id\":\"https:\/\/asreal.com\/#website\"},\"datePublished\":\"2024-06-03T09:54:03+00:00\",\"dateModified\":\"2024-06-16T14:22:15+00:00\",\"breadcrumb\":{\"@id\":\"https:\/\/asreal.com\/?page_id=524#breadcrumb\"},\"inLanguage\":\"de\",\"potentialAction\":[{\"@type\":\"ReadAction\",\"target\":[\"https:\/\/asreal.com\/?page_id=524\"]}]},{\"@type\":\"BreadcrumbList\",\"@id\":\"https:\/\/asreal.com\/?page_id=524#breadcrumb\",\"itemListElement\":[{\"@type\":\"ListItem\",\"position\":1,\"name\":\"Portada\",\"item\":\"https:\/\/asreal.com\/\"},{\"@type\":\"ListItem\",\"position\":2,\"name\":\"Impressum\"}]},{\"@type\":\"WebSite\",\"@id\":\"https:\/\/asreal.com\/#website\",\"url\":\"https:\/\/asreal.com\/\",\"name\":\"ASreal\",\"description\":\"Ihr professioneller Partner f\u00fcr nachhaltiges Mieter- und Vermietungsmanagement\",\"publisher\":{\"@id\":\"https:\/\/asreal.com\/#organization\"},\"potentialAction\":[{\"@type\":\"SearchAction\",\"target\":{\"@type\":\"EntryPoint\",\"urlTemplate\":\"https:\/\/asreal.com\/?s={search_term_string}\"},\"query-input\":{\"@type\":\"PropertyValueSpecification\",\"valueRequired\":true,\"valueName\":\"search_term_string\"}}],\"inLanguage\":\"de\"},{\"@type\":\"Organization\",\"@id\":\"https:\/\/asreal.com\/#organization\",\"name\":\"ASreal\",\"url\":\"https:\/\/asreal.com\/\",\"logo\":{\"@type\":\"ImageObject\",\"inLanguage\":\"de\",\"@id\":\"https:\/\/asreal.com\/#\/schema\/logo\/image\/\",\"url\":\"https:\/\/asreal.com\/wp-content\/uploads\/2024\/07\/ASr_MieterUZwei\u251c\u0192_web_neg_600.png\",\"contentUrl\":\"https:\/\/asreal.com\/wp-content\/uploads\/2024\/07\/ASr_MieterUZwei\u251c\u0192_web_neg_600.png\",\"width\":1890,\"height\":662,\"caption\":\"ASreal\"},\"image\":{\"@id\":\"https:\/\/asreal.com\/#\/schema\/logo\/image\/\"}}]}<\/script>\n<!-- \/ Yoast SEO plugin. -->","yoast_head_json":{"title":"Impressum - ASreal","robots":{"index":"index","follow":"follow","max-snippet":"max-snippet:-1","max-image-preview":"max-image-preview:large","max-video-preview":"max-video-preview:-1"},"canonical":"https:\/\/asreal.com\/?page_id=524","og_locale":"de_DE","og_type":"article","og_title":"Impressum - ASreal","og_description":"ASreal REAM GmbH Poststra\u00dfe 33 D-20354 Hamburg \u00a0 T+49 40 2000767-0 F+49 40 2000767-69 \u00a0 Adam Schaefer Gesch\u00e4ftsf\u00fchrer \u00a0 Handelsregister\/Gerichtsstand Amtsgericht Hamburg Handelsregister-Nr. HRB 122888 Sitz der Gesellschaft Hamburg \u00a0 Umsatzsteuer-IdNr. DE 283262822 Haftungsausschluss Informationen auf unserer Website dienen dem Zweck, das Unternehmen ASreal REAM GmbH sowie seine Dienstleistungen zu pr\u00e4sentieren. Die ASreal REAM GmbH beh\u00e4lt sich ausdr\u00fccklich vor, die bereitgestellten Informationen jederzeit ganz oder teilweise zu \u00e4ndern. Die Inhalte unserer Seiten wurden mit gr\u00f6\u00dfter Sorgfalt und nach bestem Gewissen erstellt. Eine Haftung oder Garantie f\u00fcr die Aktualit\u00e4t, Richtigkeit und Vollst\u00e4ndigkeit der zur Verf\u00fcgung gestellten Informationen kann jedoch nicht \u00fcbernommen werden. Die Website der ASreal REAM GmbH kann ohne unser Wissen von einer anderen Website mittels Hyperlinks angelinkt worden sein. Die ASreal REAM GmbH \u00fcbernimmt keine Verantwortung f\u00fcr Inhalt, Darstellung oder irgendeine Verbindung zur ASreal REAM GmbH in Websites Dritter. Urheberrecht Die auf unserer Website ver\u00f6ffentlichten Inhalte und Werke unterliegen dem deutschen Urheberrecht. Jede Vervielf\u00e4ltigung, Verbreitung und jede Art der Verwertung, insbesondere der Verwendung von Texten, Textteilen oder Bildmaterialien, au\u00dferhalb der Grenzen des Urheberrechtes bed\u00fcrfen der vorherigen schriftlichen Zustimmung der ASreal REAM GmbH. Bildrechte fotolia: \u00a9 Borg Enders, \u00a9 cpauschert, \u00a9 J\u00f6rg Engel, \u00a9 Eisenhan Facebook-f Twitter Tumblr Instagram Impressum AGB Datenschutzerkl\u00e4rung Anti-Geldw\u00e4sche Widerrufsrecht Impressum AGB Datenschutzerkl\u00e4rung Anti-Geldw\u00e4sche Widerrufsrecht \u00a9 2024 Created with Germanmarket","og_url":"https:\/\/asreal.com\/?page_id=524","og_site_name":"ASreal","article_modified_time":"2024-06-16T14:22:15+00:00","twitter_card":"summary_large_image","twitter_misc":{"Gesch\u00e4tzte Lesezeit":"1\u00a0Minute"},"schema":{"@context":"https:\/\/schema.org","@graph":[{"@type":"WebPage","@id":"https:\/\/asreal.com\/?page_id=524","url":"https:\/\/asreal.com\/?page_id=524","name":"Impressum - ASreal","isPartOf":{"@id":"https:\/\/asreal.com\/#website"},"datePublished":"2024-06-03T09:54:03+00:00","dateModified":"2024-06-16T14:22:15+00:00","breadcrumb":{"@id":"https:\/\/asreal.com\/?page_id=524#breadcrumb"},"inLanguage":"de","potentialAction":[{"@type":"ReadAction","target":["https:\/\/asreal.com\/?page_id=524"]}]},{"@type":"BreadcrumbList","@id":"https:\/\/asreal.com\/?page_id=524#breadcrumb","itemListElement":[{"@type":"ListItem","position":1,"name":"Portada","item":"https:\/\/asreal.com\/"},{"@type":"ListItem","position":2,"name":"Impressum"}]},{"@type":"WebSite","@id":"https:\/\/asreal.com\/#website","url":"https:\/\/asreal.com\/","name":"ASreal","description":"Ihr professioneller Partner f\u00fcr nachhaltiges Mieter- und Vermietungsmanagement","publisher":{"@id":"https:\/\/asreal.com\/#organization"},"potentialAction":[{"@type":"SearchAction","target":{"@type":"EntryPoint","urlTemplate":"https:\/\/asreal.com\/?s={search_term_string}"},"query-input":{"@type":"PropertyValueSpecification","valueRequired":true,"valueName":"search_term_string"}}],"inLanguage":"de"},{"@type":"Organization","@id":"https:\/\/asreal.com\/#organization","name":"ASreal","url":"https:\/\/asreal.com\/","logo":{"@type":"ImageObject","inLanguage":"de","@id":"https:\/\/asreal.com\/#\/schema\/logo\/image\/","url":"https:\/\/asreal.com\/wp-content\/uploads\/2024\/07\/ASr_MieterUZwei\u251c\u0192_web_neg_600.png","contentUrl":"https:\/\/asreal.com\/wp-content\/uploads\/2024\/07\/ASr_MieterUZwei\u251c\u0192_web_neg_600.png","width":1890,"height":662,"caption":"ASreal"},"image":{"@id":"https:\/\/asreal.com\/#\/schema\/logo\/image\/"}}]}},"rttpg_featured_image_url":null,"rttpg_author":{"display_name":"admin","author_link":"https:\/\/asreal.com\/?author=1"},"rttpg_comment":0,"rttpg_category":null,"rttpg_excerpt":"ASreal REAM GmbH Poststra\u00dfe 33 D-20354 Hamburg \u00a0 T+49 40 2000767-0 F+49 40 2000767-69 \u00a0 Adam Schaefer Gesch\u00e4ftsf\u00fchrer \u00a0 Handelsregister\/Gerichtsstand Amtsgericht Hamburg Handelsregister-Nr. HRB 122888 Sitz der Gesellschaft Hamburg \u00a0 Umsatzsteuer-IdNr. DE 283262822 Haftungsausschluss Informationen auf unserer Website dienen dem Zweck, das Unternehmen ASreal REAM GmbH sowie seine Dienstleistungen zu pr\u00e4sentieren. Die ASreal REAM GmbH&hellip;","_links":{"self":[{"href":"https:\/\/asreal.com\/index.php?rest_route=\/wp\/v2\/pages\/524","targetHints":{"allow":["GET"]}}],"collection":[{"href":"https:\/\/asreal.com\/index.php?rest_route=\/wp\/v2\/pages"}],"about":[{"href":"https:\/\/asreal.com\/index.php?rest_route=\/wp\/v2\/types\/page"}],"author":[{"embeddable":true,"href":"https:\/\/asreal.com\/index.php?rest_route=\/wp\/v2\/users\/1"}],"replies":[{"embeddable":true,"href":"https:\/\/asreal.com\/index.php?rest_route=%2Fwp%2Fv2%2Fcomments&post=524"}],"version-history":[{"count":7,"href":"https:\/\/asreal.com\/index.php?rest_route=\/wp\/v2\/pages\/524\/revisions"}],"predecessor-version":[{"id":1802,"href":"https:\/\/asreal.com\/index.php?rest_route=\/wp\/v2\/pages\/524\/revisions\/1802"}],"wp:attachment":[{"href":"https:\/\/asreal.com\/index.php?rest_route=%2Fwp%2Fv2%2Fmedia&parent=524"}],"curies":[{"name":"wp","href":"https:\/\/api.w.org\/{rel}","templated":true}]}}