{"id":33,"date":"2024-06-01T08:30:26","date_gmt":"2024-06-01T08:30:26","guid":{"rendered":"https:\/\/asreal.com\/?page_id=33"},"modified":"2024-12-19T14:52:43","modified_gmt":"2024-12-19T14:52:43","slug":"kontakt","status":"publish","type":"page","link":"https:\/\/asreal.com\/?page_id=33","title":{"rendered":"Kontakt"},"content":{"rendered":"<p><img decoding=\"async\" src=\"https:\/\/asreal.com\/wp-content\/uploads\/2024\/06\/cropped-Logo_ASr_4c_300-300x56.jpg\" sizes=\"100vw\" alt=\"\" width=\"300\" height=\"56\" \/><\/p>\n<h3>ASreal REAM GmbH<\/h3>\n<h3>Poststra\u00dfe 33<\/h3>\n<h3>D-20354 Hamburg<\/h3>\n<h3><span style=\"color: #808080;\"><em>T<\/em><\/span>\u00a0 +49 40 2000767-0<\/h3>\n<h3><span style=\"color: #808080;\"><em>F<\/em><\/span>\u00a0 +49 40 2000767-69<\/h3>\n<h3><span style=\"color: #808080;\"><em>E<\/em><\/span>\u00a0 info@asreal.com<\/h3>\n<h3><span style=\"color: #808080;\"><em>W<\/em><\/span> \u00a0<a style=\"color: #000000;\" href=\"http:\/\/www.asreal.com\">www.asreal.com<\/a><\/h3>\n<form action=\"\/wp-admin\/admin-ajax.php#wpcf7-f613-o3\" method=\"post\" novalidate=\"novalidate\" aria-label=\"Formulario de contacto\" data-status=\"init\"><input name=\"_wpcf7\" type=\"hidden\" value=\"613\" \/>\n<p><span style=\"font-size: revert; color: initial; font-weight: var(--wp--custom--font-weight--regular);\">Name oder Firma<\/span><\/p>\n<\/form>\n<p><label><input autocomplete=\"Vorname\" maxlength=\"400\" name=\"your-name\" size=\"40\" type=\"text\" value=\"\" aria-required=\"true\" aria-invalid=\"false\" \/> <\/label><\/p>\n<p><label> E-Mail Adresse<br \/><input autocomplete=\"email-Adresse\" maxlength=\"400\" name=\"your-email\" size=\"40\" type=\"email\" value=\"\" aria-required=\"true\" aria-invalid=\"false\" \/> <\/label><\/p>\n<p><label> Telefon<br \/><input autocomplete=\"Telefon\" maxlength=\"400\" name=\"telefon\" size=\"40\" type=\"tel\" value=\"\" aria-required=\"true\" aria-invalid=\"false\" \/> <\/label><\/p>\n<p><label> Betreff<br \/><input maxlength=\"400\" name=\"your-subject\" size=\"40\" type=\"text\" value=\"\" aria-required=\"true\" aria-invalid=\"false\" \/> <\/label><\/p>\n<p><label> Ihre Anfrage<br \/><textarea cols=\"40\" maxlength=\"2000\" name=\"your-message\" rows=\"10\" aria-invalid=\"false\"><\/textarea> <\/label><\/p>\n<p><label><input name=\"RGPD\" type=\"checkbox\" value=\"1\" aria-invalid=\"false\" \/> Ich habe die ASreal REAM GmbH <a href=\"http:\/\/www.asreal.com\/datenschutzerklarung\/\">Datenschutzerkl\u00e4rung<\/a> gelesen und akzeptiere diese.<\/label><\/p>\n<p><input type=\"submit\" value=\"Senden\" \/><\/p>\n<nav data-trigger=\"hover\">\n<ul id=\"menu-1-abed939\">\n<li><a href=\"https:\/\/asreal.com\/?page_id=524\">Impressum<\/a><\/li>\n<li><a href=\"https:\/\/asreal.com\/?page_id=530\">AGB<\/a><\/li>\n<li><a href=\"https:\/\/asreal.com\/?page_id=536\" rel=\"privacy-policy\">Datenschutzerkl\u00e4rung<\/a><\/li>\n<li><a href=\"https:\/\/asreal.com\/?page_id=546\">Anti-Geldw\u00e4sche<\/a><\/li>\n<li><a href=\"https:\/\/asreal.com\/?page_id=541\">Widerrufsrecht<\/a><\/li>\n<\/ul>\n<\/nav><nav>\n<ul id=\"mobile-menu-2-abed939\"><\/ul>\n<\/nav>\n<p>COPYRIGHT \u00a9 2024 ASREAL REAM GMBH<\/p>\n\n\n<p><\/p>\n","protected":false},"excerpt":{"rendered":"<p>ASreal REAM GmbH Poststra\u00dfe 33 D-20354 Hamburg T\u00a0 +49 40 2000767-0 F\u00a0 +49 40 2000767-69 E\u00a0 info@asreal.com W \u00a0www.asreal.com Name oder Firma E-Mail Adresse Telefon Betreff Ihre Anfrage Ich habe die ASreal REAM GmbH Datenschutzerkl\u00e4rung gelesen und akzeptiere diese. Impressum AGB Datenschutzerkl\u00e4rung Anti-Geldw\u00e4sche Widerrufsrecht COPYRIGHT \u00a9 2024 ASREAL REAM GMBH<\/p>\n","protected":false},"author":1,"featured_media":0,"parent":0,"menu_order":0,"comment_status":"closed","ping_status":"closed","template":"","meta":{"footnotes":""},"class_list":["post-33","page","type-page","status-publish","hentry"],"yoast_head":"<!-- This site is optimized with the Yoast SEO plugin v23.6 - https:\/\/yoast.com\/wordpress\/plugins\/seo\/ -->\n<title>Kontakt - ASreal<\/title>\n<meta name=\"robots\" content=\"index, follow, max-snippet:-1, max-image-preview:large, max-video-preview:-1\" \/>\n<link rel=\"canonical\" href=\"https:\/\/asreal.com\/?page_id=33\" \/>\n<meta property=\"og:locale\" content=\"de_DE\" \/>\n<meta property=\"og:type\" content=\"article\" \/>\n<meta property=\"og:title\" content=\"Kontakt - ASreal\" \/>\n<meta property=\"og:description\" content=\"ASreal REAM GmbH Poststra\u00dfe 33 D-20354 Hamburg T\u00a0 +49 40 2000767-0 F\u00a0 +49 40 2000767-69 E\u00a0 info@asreal.com W \u00a0www.asreal.com Name oder Firma E-Mail Adresse Telefon Betreff Ihre Anfrage Ich habe die ASreal REAM GmbH Datenschutzerkl\u00e4rung gelesen und akzeptiere diese. Impressum AGB Datenschutzerkl\u00e4rung Anti-Geldw\u00e4sche Widerrufsrecht COPYRIGHT \u00a9 2024 ASREAL REAM GMBH\" \/>\n<meta property=\"og:url\" content=\"https:\/\/asreal.com\/?page_id=33\" \/>\n<meta property=\"og:site_name\" content=\"ASreal\" \/>\n<meta property=\"article:modified_time\" content=\"2024-12-19T14:52:43+00:00\" \/>\n<meta property=\"og:image\" content=\"https:\/\/asreal.com\/wp-content\/uploads\/2024\/06\/cropped-Logo_ASr_4c_300-300x56.jpg\" \/>\n<meta name=\"twitter:card\" content=\"summary_large_image\" \/>\n<meta name=\"twitter:label1\" content=\"Gesch\u00e4tzte Lesezeit\" \/>\n\t<meta name=\"twitter:data1\" content=\"1\u00a0Minute\" \/>\n<script type=\"application\/ld+json\" class=\"yoast-schema-graph\">{\"@context\":\"https:\/\/schema.org\",\"@graph\":[{\"@type\":\"WebPage\",\"@id\":\"https:\/\/asreal.com\/?page_id=33\",\"url\":\"https:\/\/asreal.com\/?page_id=33\",\"name\":\"Kontakt - ASreal\",\"isPartOf\":{\"@id\":\"https:\/\/asreal.com\/#website\"},\"primaryImageOfPage\":{\"@id\":\"https:\/\/asreal.com\/?page_id=33#primaryimage\"},\"image\":{\"@id\":\"https:\/\/asreal.com\/?page_id=33#primaryimage\"},\"thumbnailUrl\":\"https:\/\/asreal.com\/wp-content\/uploads\/2024\/06\/cropped-Logo_ASr_4c_300-300x56.jpg\",\"datePublished\":\"2024-06-01T08:30:26+00:00\",\"dateModified\":\"2024-12-19T14:52:43+00:00\",\"breadcrumb\":{\"@id\":\"https:\/\/asreal.com\/?page_id=33#breadcrumb\"},\"inLanguage\":\"de\",\"potentialAction\":[{\"@type\":\"ReadAction\",\"target\":[\"https:\/\/asreal.com\/?page_id=33\"]}]},{\"@type\":\"ImageObject\",\"inLanguage\":\"de\",\"@id\":\"https:\/\/asreal.com\/?page_id=33#primaryimage\",\"url\":\"https:\/\/asreal.com\/wp-content\/uploads\/2024\/06\/cropped-Logo_ASr_4c_300.jpg\",\"contentUrl\":\"https:\/\/asreal.com\/wp-content\/uploads\/2024\/06\/cropped-Logo_ASr_4c_300.jpg\",\"width\":626,\"height\":116},{\"@type\":\"BreadcrumbList\",\"@id\":\"https:\/\/asreal.com\/?page_id=33#breadcrumb\",\"itemListElement\":[{\"@type\":\"ListItem\",\"position\":1,\"name\":\"Portada\",\"item\":\"https:\/\/asreal.com\/\"},{\"@type\":\"ListItem\",\"position\":2,\"name\":\"Kontakt\"}]},{\"@type\":\"WebSite\",\"@id\":\"https:\/\/asreal.com\/#website\",\"url\":\"https:\/\/asreal.com\/\",\"name\":\"ASreal\",\"description\":\"Ihr professioneller Partner f\u00fcr nachhaltiges Mieter- und Vermietungsmanagement\",\"publisher\":{\"@id\":\"https:\/\/asreal.com\/#organization\"},\"potentialAction\":[{\"@type\":\"SearchAction\",\"target\":{\"@type\":\"EntryPoint\",\"urlTemplate\":\"https:\/\/asreal.com\/?s={search_term_string}\"},\"query-input\":{\"@type\":\"PropertyValueSpecification\",\"valueRequired\":true,\"valueName\":\"search_term_string\"}}],\"inLanguage\":\"de\"},{\"@type\":\"Organization\",\"@id\":\"https:\/\/asreal.com\/#organization\",\"name\":\"ASreal\",\"url\":\"https:\/\/asreal.com\/\",\"logo\":{\"@type\":\"ImageObject\",\"inLanguage\":\"de\",\"@id\":\"https:\/\/asreal.com\/#\/schema\/logo\/image\/\",\"url\":\"https:\/\/asreal.com\/wp-content\/uploads\/2024\/07\/ASr_MieterUZwei\u251c\u0192_web_neg_600.png\",\"contentUrl\":\"https:\/\/asreal.com\/wp-content\/uploads\/2024\/07\/ASr_MieterUZwei\u251c\u0192_web_neg_600.png\",\"width\":1890,\"height\":662,\"caption\":\"ASreal\"},\"image\":{\"@id\":\"https:\/\/asreal.com\/#\/schema\/logo\/image\/\"}}]}<\/script>\n<!-- \/ Yoast SEO plugin. -->","yoast_head_json":{"title":"Kontakt - ASreal","robots":{"index":"index","follow":"follow","max-snippet":"max-snippet:-1","max-image-preview":"max-image-preview:large","max-video-preview":"max-video-preview:-1"},"canonical":"https:\/\/asreal.com\/?page_id=33","og_locale":"de_DE","og_type":"article","og_title":"Kontakt - ASreal","og_description":"ASreal REAM GmbH Poststra\u00dfe 33 D-20354 Hamburg T\u00a0 +49 40 2000767-0 F\u00a0 +49 40 2000767-69 E\u00a0 info@asreal.com W \u00a0www.asreal.com Name oder Firma E-Mail Adresse Telefon Betreff Ihre Anfrage Ich habe die ASreal REAM GmbH Datenschutzerkl\u00e4rung gelesen und akzeptiere diese. Impressum AGB Datenschutzerkl\u00e4rung Anti-Geldw\u00e4sche Widerrufsrecht COPYRIGHT \u00a9 2024 ASREAL REAM GMBH","og_url":"https:\/\/asreal.com\/?page_id=33","og_site_name":"ASreal","article_modified_time":"2024-12-19T14:52:43+00:00","og_image":[{"url":"https:\/\/asreal.com\/wp-content\/uploads\/2024\/06\/cropped-Logo_ASr_4c_300-300x56.jpg"}],"twitter_card":"summary_large_image","twitter_misc":{"Gesch\u00e4tzte Lesezeit":"1\u00a0Minute"},"schema":{"@context":"https:\/\/schema.org","@graph":[{"@type":"WebPage","@id":"https:\/\/asreal.com\/?page_id=33","url":"https:\/\/asreal.com\/?page_id=33","name":"Kontakt - ASreal","isPartOf":{"@id":"https:\/\/asreal.com\/#website"},"primaryImageOfPage":{"@id":"https:\/\/asreal.com\/?page_id=33#primaryimage"},"image":{"@id":"https:\/\/asreal.com\/?page_id=33#primaryimage"},"thumbnailUrl":"https:\/\/asreal.com\/wp-content\/uploads\/2024\/06\/cropped-Logo_ASr_4c_300-300x56.jpg","datePublished":"2024-06-01T08:30:26+00:00","dateModified":"2024-12-19T14:52:43+00:00","breadcrumb":{"@id":"https:\/\/asreal.com\/?page_id=33#breadcrumb"},"inLanguage":"de","potentialAction":[{"@type":"ReadAction","target":["https:\/\/asreal.com\/?page_id=33"]}]},{"@type":"ImageObject","inLanguage":"de","@id":"https:\/\/asreal.com\/?page_id=33#primaryimage","url":"https:\/\/asreal.com\/wp-content\/uploads\/2024\/06\/cropped-Logo_ASr_4c_300.jpg","contentUrl":"https:\/\/asreal.com\/wp-content\/uploads\/2024\/06\/cropped-Logo_ASr_4c_300.jpg","width":626,"height":116},{"@type":"BreadcrumbList","@id":"https:\/\/asreal.com\/?page_id=33#breadcrumb","itemListElement":[{"@type":"ListItem","position":1,"name":"Portada","item":"https:\/\/asreal.com\/"},{"@type":"ListItem","position":2,"name":"Kontakt"}]},{"@type":"WebSite","@id":"https:\/\/asreal.com\/#website","url":"https:\/\/asreal.com\/","name":"ASreal","description":"Ihr professioneller Partner f\u00fcr nachhaltiges Mieter- und Vermietungsmanagement","publisher":{"@id":"https:\/\/asreal.com\/#organization"},"potentialAction":[{"@type":"SearchAction","target":{"@type":"EntryPoint","urlTemplate":"https:\/\/asreal.com\/?s={search_term_string}"},"query-input":{"@type":"PropertyValueSpecification","valueRequired":true,"valueName":"search_term_string"}}],"inLanguage":"de"},{"@type":"Organization","@id":"https:\/\/asreal.com\/#organization","name":"ASreal","url":"https:\/\/asreal.com\/","logo":{"@type":"ImageObject","inLanguage":"de","@id":"https:\/\/asreal.com\/#\/schema\/logo\/image\/","url":"https:\/\/asreal.com\/wp-content\/uploads\/2024\/07\/ASr_MieterUZwei\u251c\u0192_web_neg_600.png","contentUrl":"https:\/\/asreal.com\/wp-content\/uploads\/2024\/07\/ASr_MieterUZwei\u251c\u0192_web_neg_600.png","width":1890,"height":662,"caption":"ASreal"},"image":{"@id":"https:\/\/asreal.com\/#\/schema\/logo\/image\/"}}]}},"rttpg_featured_image_url":null,"rttpg_author":{"display_name":"admin","author_link":"https:\/\/asreal.com\/?author=1"},"rttpg_comment":0,"rttpg_category":null,"rttpg_excerpt":"ASreal REAM GmbH Poststra\u00dfe 33 D-20354 Hamburg T\u00a0 +49 40 2000767-0 F\u00a0 +49 40 2000767-69 E\u00a0 info@asreal.com W \u00a0www.asreal.com Name oder Firma E-Mail Adresse Telefon Betreff Ihre Anfrage Ich habe die ASreal REAM GmbH Datenschutzerkl\u00e4rung gelesen und akzeptiere diese. Impressum AGB Datenschutzerkl\u00e4rung Anti-Geldw\u00e4sche Widerrufsrecht COPYRIGHT \u00a9 2024 ASREAL REAM GMBH","_links":{"self":[{"href":"https:\/\/asreal.com\/index.php?rest_route=\/wp\/v2\/pages\/33","targetHints":{"allow":["GET"]}}],"collection":[{"href":"https:\/\/asreal.com\/index.php?rest_route=\/wp\/v2\/pages"}],"about":[{"href":"https:\/\/asreal.com\/index.php?rest_route=\/wp\/v2\/types\/page"}],"author":[{"embeddable":true,"href":"https:\/\/asreal.com\/index.php?rest_route=\/wp\/v2\/users\/1"}],"replies":[{"embeddable":true,"href":"https:\/\/asreal.com\/index.php?rest_route=%2Fwp%2Fv2%2Fcomments&post=33"}],"version-history":[{"count":200,"href":"https:\/\/asreal.com\/index.php?rest_route=\/wp\/v2\/pages\/33\/revisions"}],"predecessor-version":[{"id":2314,"href":"https:\/\/asreal.com\/index.php?rest_route=\/wp\/v2\/pages\/33\/revisions\/2314"}],"wp:attachment":[{"href":"https:\/\/asreal.com\/index.php?rest_route=%2Fwp%2Fv2%2Fmedia&parent=33"}],"curies":[{"name":"wp","href":"https:\/\/api.w.org\/{rel}","templated":true}]}}